{"id":831,"date":"2023-01-16T09:15:35","date_gmt":"2023-01-16T09:15:35","guid":{"rendered":"https:\/\/businessmax.com.pe\/?post_type=product&#038;p=831"},"modified":"2023-01-16T09:15:35","modified_gmt":"2023-01-16T09:15:35","slug":"cintas-metricas","status":"publish","type":"product","link":"https:\/\/businessmax.com.pe\/index.php\/producto\/cintas-metricas\/","title":{"rendered":"Cintas M\u00e9tricas"},"content":{"rendered":"<p><b>Descripci\u00f3n<\/b><\/p>\n<p>Cintas de medici\u00f3n de 3 m, 5 m y 8 m con cobertura de pl\u00e1stico, freno auxiliar y clip de acero.<\/p>\n<p><b>Denominaci\u00f3n<\/b><\/p>\n<p><span id=\"producto-denominacion\">Cintas m\u00e9tricas\/ flex\u00f3metro\/ winchas<\/span><\/p>\n<p><b>Normas t\u00e9cnicas<\/b><\/p>\n<p>Fabricadas bajo la Norma NBR 10123 con grado de exactitud clase II.<\/p>\n<p><b>Presentaci\u00f3n<\/b><\/p>\n<p>Las cintas m\u00e9tricas vienen en presentaciones de 3 m, 5 m y 8 m; empaquetadas en bl\u00edster por cada unidad y se comercializa en cajas de 6 bl\u00edster por medida.<\/p>\n<p><b>Uso<\/b><\/p>\n<p>Utilizadas en la medici\u00f3n de superficies, distancias, objetos, entre otros.<\/p>\n","protected":false},"excerpt":{"rendered":"<p>Descripci\u00f3n Cintas de medici\u00f3n de 3 m, 5 m y 8 m con cobertura de pl\u00e1stico, freno auxiliar y clip de acero. Denominaci\u00f3n Cintas m\u00e9tricas\/ flex\u00f3metro\/ winchas Normas t\u00e9cnicas Fabricadas bajo la Norma NBR 10123 con grado de exactitud clase II. Presentaci\u00f3n Las cintas m\u00e9tricas vienen en presentaciones de 3 m, 5 m y 8 [&hellip;]<\/p>\n","protected":false},"featured_media":830,"comment_status":"open","ping_status":"closed","template":"","meta":[],"product_cat":[37],"product_tag":[],"class_list":["post-831","product","type-product","status-publish","has-post-thumbnail","hentry","product_cat-herramientas-y-ferreteria"],"_links":{"self":[{"href":"https:\/\/businessmax.com.pe\/index.php\/wp-json\/wp\/v2\/product\/831","targetHints":{"allow":["GET"]}}],"collection":[{"href":"https:\/\/businessmax.com.pe\/index.php\/wp-json\/wp\/v2\/product"}],"about":[{"href":"https:\/\/businessmax.com.pe\/index.php\/wp-json\/wp\/v2\/types\/product"}],"replies":[{"embeddable":true,"href":"https:\/\/businessmax.com.pe\/index.php\/wp-json\/wp\/v2\/comments?post=831"}],"wp:featuredmedia":[{"embeddable":true,"href":"https:\/\/businessmax.com.pe\/index.php\/wp-json\/wp\/v2\/media\/830"}],"wp:attachment":[{"href":"https:\/\/businessmax.com.pe\/index.php\/wp-json\/wp\/v2\/media?parent=831"}],"wp:term":[{"taxonomy":"product_cat","embeddable":true,"href":"https:\/\/businessmax.com.pe\/index.php\/wp-json\/wp\/v2\/product_cat?post=831"},{"taxonomy":"product_tag","embeddable":true,"href":"https:\/\/businessmax.com.pe\/index.php\/wp-json\/wp\/v2\/product_tag?post=831"}],"curies":[{"name":"wp","href":"https:\/\/api.w.org\/{rel}","templated":true}]}}