{"id":827,"date":"2023-01-16T09:15:08","date_gmt":"2023-01-16T09:15:08","guid":{"rendered":"https:\/\/businessmax.com.pe\/?post_type=product&#038;p=827"},"modified":"2023-01-16T09:15:08","modified_gmt":"2023-01-16T09:15:08","slug":"hojas-de-sierra-bimetalica","status":"publish","type":"product","link":"https:\/\/businessmax.com.pe\/index.php\/producto\/hojas-de-sierra-bimetalica\/","title":{"rendered":"Hojas de Sierra Bimet\u00e1lica"},"content":{"rendered":"<p><b>Descripci\u00f3n<\/b><\/p>\n<p>Hoja de Sierra Manual Bimet\u00e1lica, compuesta por una cinta cortante de acero s\u00faper r\u00e1pido soldado a una base de acero para resortes flexible. La distancia de la punta del diente a la interface de la soldadura debe ser m\u00ednimo de 1 mm y el cuerpo del diente no debe llegar a la interface de la soldadura.<\/p>\n<p><b>Denominaci\u00f3n<\/b><\/p>\n<p><span id=\"producto-denominacion\">Hoja de Sierra Bimet\u00e1lica<\/span><\/p>\n<p><b>Normas t\u00e9cnicas<\/b><\/p>\n<p>Fabricadas bajo la Norma NBR 10123 con grado de exactitud clase II.<\/p>\n<p><b>Presentaci\u00f3n<\/b><\/p>\n<p>Las cintas m\u00e9tricas vienen en presentaciones de 3 m, 5 m y 8 m; empaquetadas en bl\u00edster por cada unidad y se comercializa en cajas de 6 bl\u00edster por medida.<\/p>\n<p><b>Uso<\/b><\/p>\n<p><strong>18 (N\u00b0 DIENTES\/PULG (TPI))<\/strong>\u00a0Corte de materiales gruesos: barras de construcci\u00f3n, barras redondas lisas, barras cuadradas, platinas gruesas, entre otros.<\/p>\n<p><strong>24 (N\u00b0 DIENTES\/PULG (TPI))<\/strong>Corte de materiales delgados: tubos, \u00e1ngulos, tees, platinas delgadas, balletas, planchas delgadas, entre otros.<\/p>\n<p><strong>ENSAYO DE DOBLADO:<\/strong>\u00a0El ensayo de doblado se realiza uniendo los dos extremos de la hoja de sierra, hasta alcanzar aprox. 180\u00b0 sin romperse.<\/p>\n<p><strong>EMBALAJE:<\/strong>\u00a0Las Hojas de Sierra vienen en cajas pl\u00e1sticas conteniendo cada una 10 o 50 unidades y en cajas de cart\u00f3n con 25 bl\u00edster de 02 unidades.<\/p>\n","protected":false},"excerpt":{"rendered":"<p>Descripci\u00f3n Hoja de Sierra Manual Bimet\u00e1lica, compuesta por una cinta cortante de acero s\u00faper r\u00e1pido soldado a una base de acero para resortes flexible. La distancia de la punta del diente a la interface de la soldadura debe ser m\u00ednimo de 1 mm y el cuerpo del diente no debe llegar a la interface de [&hellip;]<\/p>\n","protected":false},"featured_media":829,"comment_status":"open","ping_status":"closed","template":"","meta":[],"product_cat":[37],"product_tag":[],"class_list":["post-827","product","type-product","status-publish","has-post-thumbnail","hentry","product_cat-herramientas-y-ferreteria"],"_links":{"self":[{"href":"https:\/\/businessmax.com.pe\/index.php\/wp-json\/wp\/v2\/product\/827","targetHints":{"allow":["GET"]}}],"collection":[{"href":"https:\/\/businessmax.com.pe\/index.php\/wp-json\/wp\/v2\/product"}],"about":[{"href":"https:\/\/businessmax.com.pe\/index.php\/wp-json\/wp\/v2\/types\/product"}],"replies":[{"embeddable":true,"href":"https:\/\/businessmax.com.pe\/index.php\/wp-json\/wp\/v2\/comments?post=827"}],"wp:featuredmedia":[{"embeddable":true,"href":"https:\/\/businessmax.com.pe\/index.php\/wp-json\/wp\/v2\/media\/829"}],"wp:attachment":[{"href":"https:\/\/businessmax.com.pe\/index.php\/wp-json\/wp\/v2\/media?parent=827"}],"wp:term":[{"taxonomy":"product_cat","embeddable":true,"href":"https:\/\/businessmax.com.pe\/index.php\/wp-json\/wp\/v2\/product_cat?post=827"},{"taxonomy":"product_tag","embeddable":true,"href":"https:\/\/businessmax.com.pe\/index.php\/wp-json\/wp\/v2\/product_tag?post=827"}],"curies":[{"name":"wp","href":"https:\/\/api.w.org\/{rel}","templated":true}]}}