{"id":823,"date":"2023-01-16T09:06:30","date_gmt":"2023-01-16T09:06:30","guid":{"rendered":"https:\/\/businessmax.com.pe\/?post_type=product&#038;p=823"},"modified":"2023-01-16T09:06:30","modified_gmt":"2023-01-16T09:06:30","slug":"punto-azul","status":"publish","type":"product","link":"https:\/\/businessmax.com.pe\/index.php\/producto\/punto-azul\/","title":{"rendered":"Punto Azul"},"content":{"rendered":"<p><b>Descripci\u00f3n<\/b><\/p>\n<p>Electrodo revestido del tipo celul\u00f3sico, presenta un arco estable y uniforme con gran facilidad en el encendido, adem\u00e1s, presenta f\u00e1cil remoci\u00f3n de escoria.<\/p>\n<p>Es ideal para las aplicaciones en carpinter\u00eda met\u00e1lica.<\/p>\n<p><b>Denominaci\u00f3n<\/b><\/p>\n<p><span id=\"producto-denominacion\">AWS A5.1 \/ ASME-SFA 5.1 E6011<\/span><\/p>\n<p><b>Normas t\u00e9cnicas<\/b><\/p>\n<p>.<\/p>\n<p><b>Presentaci\u00f3n<\/b><\/p>\n<p>Cajas de 25kg<\/p>\n<p><b>Uso<\/b><\/p>\n","protected":false},"excerpt":{"rendered":"<p>Descripci\u00f3n Electrodo revestido del tipo celul\u00f3sico, presenta un arco estable y uniforme con gran facilidad en el encendido, adem\u00e1s, presenta f\u00e1cil remoci\u00f3n de escoria. Es ideal para las aplicaciones en carpinter\u00eda met\u00e1lica. Denominaci\u00f3n AWS A5.1 \/ ASME-SFA 5.1 E6011 Normas t\u00e9cnicas . Presentaci\u00f3n Cajas de 25kg Uso<\/p>\n","protected":false},"featured_media":820,"comment_status":"open","ping_status":"closed","template":"","meta":[],"product_cat":[36],"product_tag":[],"class_list":["post-823","product","type-product","status-publish","has-post-thumbnail","hentry","product_cat-soldaduras"],"_links":{"self":[{"href":"https:\/\/businessmax.com.pe\/index.php\/wp-json\/wp\/v2\/product\/823","targetHints":{"allow":["GET"]}}],"collection":[{"href":"https:\/\/businessmax.com.pe\/index.php\/wp-json\/wp\/v2\/product"}],"about":[{"href":"https:\/\/businessmax.com.pe\/index.php\/wp-json\/wp\/v2\/types\/product"}],"replies":[{"embeddable":true,"href":"https:\/\/businessmax.com.pe\/index.php\/wp-json\/wp\/v2\/comments?post=823"}],"wp:featuredmedia":[{"embeddable":true,"href":"https:\/\/businessmax.com.pe\/index.php\/wp-json\/wp\/v2\/media\/820"}],"wp:attachment":[{"href":"https:\/\/businessmax.com.pe\/index.php\/wp-json\/wp\/v2\/media?parent=823"}],"wp:term":[{"taxonomy":"product_cat","embeddable":true,"href":"https:\/\/businessmax.com.pe\/index.php\/wp-json\/wp\/v2\/product_cat?post=823"},{"taxonomy":"product_tag","embeddable":true,"href":"https:\/\/businessmax.com.pe\/index.php\/wp-json\/wp\/v2\/product_tag?post=823"}],"curies":[{"name":"wp","href":"https:\/\/api.w.org\/{rel}","templated":true}]}}