{"id":821,"date":"2023-01-16T09:05:43","date_gmt":"2023-01-16T09:05:43","guid":{"rendered":"https:\/\/businessmax.com.pe\/?post_type=product&#038;p=821"},"modified":"2023-01-16T09:05:43","modified_gmt":"2023-01-16T09:05:43","slug":"nazca-pro-7018","status":"publish","type":"product","link":"https:\/\/businessmax.com.pe\/index.php\/producto\/nazca-pro-7018\/","title":{"rendered":"Nazca Pro 7018"},"content":{"rendered":"<p><b>Descripci\u00f3n<\/b><\/p>\n<p>Electrodo ba\u0301sico de bajo hidro\u0301geno con excelentes caracteri\u0301sticas de soldabilidad, fiable para aplicaciones generales<br \/>\ny exigentes para aceros estructurales o aceros de bajo carbono. NAZCA PRO 7018 es un electrodo para cualquier posicio\u0301n que ofrece un arco estable y suave con propiedades meca\u0301nicas fiables y homoge\u0301neas. Ideal para todas las soldaduras que tenga que realizar, desde el primer pase, en juntas con pase de respaldo, al relleno independientemente del grosor o las condiciones de soldadura del trabajo. Posee baja absorcio\u0301n de hu\u0301medad.<\/p>\n<p><b>Denominaci\u00f3n<\/b><\/p>\n<p><span id=\"producto-denominacion\">ASME-SFA 5.1 \/ AWS A5.1: E7018<\/span><\/p>\n<p><b>Normas t\u00e9cnicas<\/b><\/p>\n<p>ASME-SFA 5.1 \/ AWS A5.1: E7018<\/p>\n<p><b>Presentaci\u00f3n<\/b><\/p>\n<p>Cajas de 25kg<\/p>\n<p><b>Uso<\/b><\/p>\n<p>Construcci\u00f3n Civil, Energ\u00eda, Aplicaciones industriales y Fabricaci\u00f3n General, Metalmec\u00e1nica pesada y Liviana, Astilleros y Offshore.<\/p>\n","protected":false},"excerpt":{"rendered":"<p>Descripci\u00f3n Electrodo ba\u0301sico de bajo hidro\u0301geno con excelentes caracteri\u0301sticas de soldabilidad, fiable para aplicaciones generales y exigentes para aceros estructurales o aceros de bajo carbono. NAZCA PRO 7018 es un electrodo para cualquier posicio\u0301n que ofrece un arco estable y suave con propiedades meca\u0301nicas fiables y homoge\u0301neas. Ideal para todas las soldaduras que tenga que [&hellip;]<\/p>\n","protected":false},"featured_media":817,"comment_status":"open","ping_status":"closed","template":"","meta":[],"product_cat":[36],"product_tag":[],"class_list":["post-821","product","type-product","status-publish","has-post-thumbnail","hentry","product_cat-soldaduras"],"_links":{"self":[{"href":"https:\/\/businessmax.com.pe\/index.php\/wp-json\/wp\/v2\/product\/821","targetHints":{"allow":["GET"]}}],"collection":[{"href":"https:\/\/businessmax.com.pe\/index.php\/wp-json\/wp\/v2\/product"}],"about":[{"href":"https:\/\/businessmax.com.pe\/index.php\/wp-json\/wp\/v2\/types\/product"}],"replies":[{"embeddable":true,"href":"https:\/\/businessmax.com.pe\/index.php\/wp-json\/wp\/v2\/comments?post=821"}],"wp:featuredmedia":[{"embeddable":true,"href":"https:\/\/businessmax.com.pe\/index.php\/wp-json\/wp\/v2\/media\/817"}],"wp:attachment":[{"href":"https:\/\/businessmax.com.pe\/index.php\/wp-json\/wp\/v2\/media?parent=821"}],"wp:term":[{"taxonomy":"product_cat","embeddable":true,"href":"https:\/\/businessmax.com.pe\/index.php\/wp-json\/wp\/v2\/product_cat?post=821"},{"taxonomy":"product_tag","embeddable":true,"href":"https:\/\/businessmax.com.pe\/index.php\/wp-json\/wp\/v2\/product_tag?post=821"}],"curies":[{"name":"wp","href":"https:\/\/api.w.org\/{rel}","templated":true}]}}