{"id":816,"date":"2023-01-16T09:05:20","date_gmt":"2023-01-16T09:05:20","guid":{"rendered":"https:\/\/businessmax.com.pe\/?post_type=product&#038;p=816"},"modified":"2023-01-16T09:05:20","modified_gmt":"2023-01-16T09:05:20","slug":"nazca-plus-6011","status":"publish","type":"product","link":"https:\/\/businessmax.com.pe\/index.php\/producto\/nazca-plus-6011\/","title":{"rendered":"Nazca Plus 6011"},"content":{"rendered":"<p><b>Descripci\u00f3n<\/b><\/p>\n<p>Es un electrodo celulo\u0301sico para todas las posiciones de soldadura. Produce un arco fuerte y fa\u0301cil de controlar con alta penetracio\u0301n. Su depo\u0301sito del metal de soldadura es de alta calidad y pasara\u0301 los requisitos de radiografi\u0301a. Soldadura de aceros de bajo carbono tales como: ASTM A-36, A-53 Grado B, A106 Grado B , A-131 Grado A, etc.<\/p>\n<p><b>Denominaci\u00f3n<\/b><\/p>\n<p><span id=\"producto-denominacion\">ASME-SFA 5.1 \/ AWS A5.1: E6011<\/span><\/p>\n<p><b>Normas t\u00e9cnicas<\/b><\/p>\n<p>ASME-SFA 5.1 \/ AWS A5.1: E6011<\/p>\n<p><b>Presentaci\u00f3n<\/b><\/p>\n<p>Cajas de 25kg<\/p>\n<p><b>Uso<\/b><\/p>\n<p>Estructuras, Tuber\u00edas, Construcci\u00f3n Naval, Recipientes a Presi\u00f3n y Tanques.<\/p>\n","protected":false},"excerpt":{"rendered":"<p>Descripci\u00f3n Es un electrodo celulo\u0301sico para todas las posiciones de soldadura. Produce un arco fuerte y fa\u0301cil de controlar con alta penetracio\u0301n. Su depo\u0301sito del metal de soldadura es de alta calidad y pasara\u0301 los requisitos de radiografi\u0301a. Soldadura de aceros de bajo carbono tales como: ASTM A-36, A-53 Grado B, A106 Grado B , [&hellip;]<\/p>\n","protected":false},"featured_media":817,"comment_status":"open","ping_status":"closed","template":"","meta":[],"product_cat":[36],"product_tag":[],"class_list":["post-816","product","type-product","status-publish","has-post-thumbnail","hentry","product_cat-soldaduras"],"_links":{"self":[{"href":"https:\/\/businessmax.com.pe\/index.php\/wp-json\/wp\/v2\/product\/816","targetHints":{"allow":["GET"]}}],"collection":[{"href":"https:\/\/businessmax.com.pe\/index.php\/wp-json\/wp\/v2\/product"}],"about":[{"href":"https:\/\/businessmax.com.pe\/index.php\/wp-json\/wp\/v2\/types\/product"}],"replies":[{"embeddable":true,"href":"https:\/\/businessmax.com.pe\/index.php\/wp-json\/wp\/v2\/comments?post=816"}],"wp:featuredmedia":[{"embeddable":true,"href":"https:\/\/businessmax.com.pe\/index.php\/wp-json\/wp\/v2\/media\/817"}],"wp:attachment":[{"href":"https:\/\/businessmax.com.pe\/index.php\/wp-json\/wp\/v2\/media?parent=816"}],"wp:term":[{"taxonomy":"product_cat","embeddable":true,"href":"https:\/\/businessmax.com.pe\/index.php\/wp-json\/wp\/v2\/product_cat?post=816"},{"taxonomy":"product_tag","embeddable":true,"href":"https:\/\/businessmax.com.pe\/index.php\/wp-json\/wp\/v2\/product_tag?post=816"}],"curies":[{"name":"wp","href":"https:\/\/api.w.org\/{rel}","templated":true}]}}