{"id":813,"date":"2023-01-16T09:02:43","date_gmt":"2023-01-16T09:02:43","guid":{"rendered":"https:\/\/businessmax.com.pe\/?post_type=product&#038;p=813"},"modified":"2023-01-16T09:02:43","modified_gmt":"2023-01-16T09:02:43","slug":"tubos-iso-65","status":"publish","type":"product","link":"https:\/\/businessmax.com.pe\/index.php\/producto\/tubos-iso-65\/","title":{"rendered":"Tubos ISO 65"},"content":{"rendered":"<p><b>Descripci\u00f3n<\/b><\/p>\n<p>Tubo fabricado con acero de bajo carbono, utilizando el sistema de soldadura de resistencia el\u00e9ctrica por inducci\u00f3n de alta frecuencia longitudinal (ERW).<\/p>\n<p><b>Denominaci\u00f3n<\/b><\/p>\n<p><span id=\"producto-denominacion\">TN ISO 65 S, TN ISO 65 L, TG ISO 65 S, TG ISO 65 L<\/span><\/p>\n<p><b>Normas t\u00e9cnicas<\/b><\/p>\n<p>&#8211;\u00a0 Propiedades Mec\u00e1nicas: Del Tubo: ISO 65. Del Acero: SAE 1010.<\/p>\n<p>&#8211; Tolerancia Dimensional: ASTM A 53 \/A 53M<\/p>\n<p><b>Presentaci\u00f3n<\/b><\/p>\n<p>Longitud de 6.4m y acabo negro o galvanizado.<\/p>\n<p>Extremos con rosca americana ANSI B1.20.1 tipo NPT<\/p>\n<p><b>Uso<\/b><\/p>\n<p>Conducci\u00f3n de fluidos poco corrosivos, petr\u00f3leo, gasolina, aceite, agua, vapor de agua, aire comprimido a media y baja presi\u00f3n.<\/p>\n","protected":false},"excerpt":{"rendered":"<p>Descripci\u00f3n Tubo fabricado con acero de bajo carbono, utilizando el sistema de soldadura de resistencia el\u00e9ctrica por inducci\u00f3n de alta frecuencia longitudinal (ERW). Denominaci\u00f3n TN ISO 65 S, TN ISO 65 L, TG ISO 65 S, TG ISO 65 L Normas t\u00e9cnicas &#8211;\u00a0 Propiedades Mec\u00e1nicas: Del Tubo: ISO 65. Del Acero: SAE 1010. &#8211; Tolerancia [&hellip;]<\/p>\n","protected":false},"featured_media":802,"comment_status":"open","ping_status":"closed","template":"","meta":[],"product_cat":[35],"product_tag":[],"class_list":["post-813","product","type-product","status-publish","has-post-thumbnail","hentry","product_cat-tubos-de-acero"],"_links":{"self":[{"href":"https:\/\/businessmax.com.pe\/index.php\/wp-json\/wp\/v2\/product\/813","targetHints":{"allow":["GET"]}}],"collection":[{"href":"https:\/\/businessmax.com.pe\/index.php\/wp-json\/wp\/v2\/product"}],"about":[{"href":"https:\/\/businessmax.com.pe\/index.php\/wp-json\/wp\/v2\/types\/product"}],"replies":[{"embeddable":true,"href":"https:\/\/businessmax.com.pe\/index.php\/wp-json\/wp\/v2\/comments?post=813"}],"wp:featuredmedia":[{"embeddable":true,"href":"https:\/\/businessmax.com.pe\/index.php\/wp-json\/wp\/v2\/media\/802"}],"wp:attachment":[{"href":"https:\/\/businessmax.com.pe\/index.php\/wp-json\/wp\/v2\/media?parent=813"}],"wp:term":[{"taxonomy":"product_cat","embeddable":true,"href":"https:\/\/businessmax.com.pe\/index.php\/wp-json\/wp\/v2\/product_cat?post=813"},{"taxonomy":"product_tag","embeddable":true,"href":"https:\/\/businessmax.com.pe\/index.php\/wp-json\/wp\/v2\/product_tag?post=813"}],"curies":[{"name":"wp","href":"https:\/\/api.w.org\/{rel}","templated":true}]}}