{"id":800,"date":"2023-01-16T08:49:28","date_gmt":"2023-01-16T08:49:28","guid":{"rendered":"https:\/\/businessmax.com.pe\/?post_type=product&#038;p=800"},"modified":"2023-01-16T08:49:28","modified_gmt":"2023-01-16T08:49:28","slug":"calamina-aluzinc","status":"publish","type":"product","link":"https:\/\/businessmax.com.pe\/index.php\/producto\/calamina-aluzinc\/","title":{"rendered":"Calamina Aluzinc"},"content":{"rendered":"<p><b>Descripci\u00f3n<\/b><\/p>\n<p>Son planchas de acero con recubrimiento de aleaci\u00f3n de aluminio y zinc, luego acanaladas por deformaci\u00f3n en fr\u00edo por medio de una serie de rodillos.<\/p>\n<p><b>Denominaci\u00f3n<\/b><\/p>\n<p><span id=\"producto-denominacion\">PLO ALUZINC<\/span><\/p>\n<p><b>Normas t\u00e9cnicas<\/b><\/p>\n<p>ASTM A792\/A792M &#8211; 2010: Standard Specification for Steel Sheet, 55 % Aluminum-Zinc Alloy-Coated by the Hot-Dip Process.<\/p>\n<p><b>Presentaci\u00f3n<\/b><\/p>\n<p>Se suministra en paquetes de 2.5 a 3.0 toneladas o en unidades (paquete m\u00ednimo de 10 piezas).<\/p>\n<p><b>Uso<\/b><\/p>\n<p>Techado de casas, almacenes, plantas industriales, cerramientos laterales, etc., donde se requiera mayor duraci\u00f3n, alta resistencia a la corrosi\u00f3n y reflexividad del calor.<\/p>\n","protected":false},"excerpt":{"rendered":"<p>Descripci\u00f3n Son planchas de acero con recubrimiento de aleaci\u00f3n de aluminio y zinc, luego acanaladas por deformaci\u00f3n en fr\u00edo por medio de una serie de rodillos. Denominaci\u00f3n PLO ALUZINC Normas t\u00e9cnicas ASTM A792\/A792M &#8211; 2010: Standard Specification for Steel Sheet, 55 % Aluminum-Zinc Alloy-Coated by the Hot-Dip Process. Presentaci\u00f3n Se suministra en paquetes de 2.5 [&hellip;]<\/p>\n","protected":false},"featured_media":797,"comment_status":"open","ping_status":"closed","template":"","meta":[],"product_cat":[28],"product_tag":[],"class_list":["post-800","product","type-product","status-publish","has-post-thumbnail","hentry","product_cat-calaminas"],"_links":{"self":[{"href":"https:\/\/businessmax.com.pe\/index.php\/wp-json\/wp\/v2\/product\/800","targetHints":{"allow":["GET"]}}],"collection":[{"href":"https:\/\/businessmax.com.pe\/index.php\/wp-json\/wp\/v2\/product"}],"about":[{"href":"https:\/\/businessmax.com.pe\/index.php\/wp-json\/wp\/v2\/types\/product"}],"replies":[{"embeddable":true,"href":"https:\/\/businessmax.com.pe\/index.php\/wp-json\/wp\/v2\/comments?post=800"}],"wp:featuredmedia":[{"embeddable":true,"href":"https:\/\/businessmax.com.pe\/index.php\/wp-json\/wp\/v2\/media\/797"}],"wp:attachment":[{"href":"https:\/\/businessmax.com.pe\/index.php\/wp-json\/wp\/v2\/media?parent=800"}],"wp:term":[{"taxonomy":"product_cat","embeddable":true,"href":"https:\/\/businessmax.com.pe\/index.php\/wp-json\/wp\/v2\/product_cat?post=800"},{"taxonomy":"product_tag","embeddable":true,"href":"https:\/\/businessmax.com.pe\/index.php\/wp-json\/wp\/v2\/product_tag?post=800"}],"curies":[{"name":"wp","href":"https:\/\/api.w.org\/{rel}","templated":true}]}}