{"id":799,"date":"2023-01-16T08:48:53","date_gmt":"2023-01-16T08:48:53","guid":{"rendered":"https:\/\/businessmax.com.pe\/?post_type=product&#038;p=799"},"modified":"2023-01-16T08:48:53","modified_gmt":"2023-01-16T08:48:53","slug":"calamina-pre-pintada","status":"publish","type":"product","link":"https:\/\/businessmax.com.pe\/index.php\/producto\/calamina-pre-pintada\/","title":{"rendered":"Calamina Pre-Pintada"},"content":{"rendered":"<p><b>Descripci\u00f3n<\/b><\/p>\n<p>Son planchas de acero zincadas, por inmersio\u0301n en caliente, acanaladas obtenidas mediante deformacio\u0301n en fri\u0301o por medio de una serie de rodillos, pre-pintadas en rojo (RAL 3002, 3020) en uno de sus lados.<\/p>\n<p><b>Denominaci\u00f3n<\/b><\/p>\n<p><span id=\"producto-denominacion\">PZO PPR.<\/span><\/p>\n<p><b>Normas t\u00e9cnicas<\/b><\/p>\n<p>JIS G3312 Grade SGCH, FULL HARD, Zinc Coating Z90, chromate treated appearance.<\/p>\n<p><b>Presentaci\u00f3n<\/b><\/p>\n<p>Se suministra en paquetes de 2.5 a 3.0 toneladas o en unidades (paquete mi\u0301nimo de 10 piezas).<\/p>\n<p><b>Uso<\/b><\/p>\n<p>En el techado de casas, almacenes, plantas industriales, etc.<\/p>\n","protected":false},"excerpt":{"rendered":"<p>Descripci\u00f3n Son planchas de acero zincadas, por inmersio\u0301n en caliente, acanaladas obtenidas mediante deformacio\u0301n en fri\u0301o por medio de una serie de rodillos, pre-pintadas en rojo (RAL 3002, 3020) en uno de sus lados. Denominaci\u00f3n PZO PPR. Normas t\u00e9cnicas JIS G3312 Grade SGCH, FULL HARD, Zinc Coating Z90, chromate treated appearance. Presentaci\u00f3n Se suministra en [&hellip;]<\/p>\n","protected":false},"featured_media":796,"comment_status":"open","ping_status":"closed","template":"","meta":[],"product_cat":[28],"product_tag":[],"class_list":["post-799","product","type-product","status-publish","has-post-thumbnail","hentry","product_cat-calaminas"],"_links":{"self":[{"href":"https:\/\/businessmax.com.pe\/index.php\/wp-json\/wp\/v2\/product\/799","targetHints":{"allow":["GET"]}}],"collection":[{"href":"https:\/\/businessmax.com.pe\/index.php\/wp-json\/wp\/v2\/product"}],"about":[{"href":"https:\/\/businessmax.com.pe\/index.php\/wp-json\/wp\/v2\/types\/product"}],"replies":[{"embeddable":true,"href":"https:\/\/businessmax.com.pe\/index.php\/wp-json\/wp\/v2\/comments?post=799"}],"wp:featuredmedia":[{"embeddable":true,"href":"https:\/\/businessmax.com.pe\/index.php\/wp-json\/wp\/v2\/media\/796"}],"wp:attachment":[{"href":"https:\/\/businessmax.com.pe\/index.php\/wp-json\/wp\/v2\/media?parent=799"}],"wp:term":[{"taxonomy":"product_cat","embeddable":true,"href":"https:\/\/businessmax.com.pe\/index.php\/wp-json\/wp\/v2\/product_cat?post=799"},{"taxonomy":"product_tag","embeddable":true,"href":"https:\/\/businessmax.com.pe\/index.php\/wp-json\/wp\/v2\/product_tag?post=799"}],"curies":[{"name":"wp","href":"https:\/\/api.w.org\/{rel}","templated":true}]}}