{"id":795,"date":"2023-01-16T08:48:34","date_gmt":"2023-01-16T08:48:34","guid":{"rendered":"https:\/\/businessmax.com.pe\/?post_type=product&#038;p=795"},"modified":"2023-01-16T08:48:35","modified_gmt":"2023-01-16T08:48:35","slug":"calamina","status":"publish","type":"product","link":"https:\/\/businessmax.com.pe\/index.php\/producto\/calamina\/","title":{"rendered":"Calamina"},"content":{"rendered":"<p><b>Descripci\u00f3n<\/b><\/p>\n<p>Planchas de acero zincadas por inmersi\u00f3n en caliente, acanaladas por deformaci\u00f3n en fr\u00edo por medio de procesos mec\u00e1nicos.<\/p>\n<p><b>Denominaci\u00f3n<\/b><\/p>\n<p><span id=\"producto-denominacion\">PZO A653<\/span><\/p>\n<p><b>Normas t\u00e9cnicas<\/b><\/p>\n<p>ASTM A653\/A653M Tipo B o JIS G3302 SGCH Modificada, sin restricci\u00f3n del contenido de P y S.<\/p>\n<p><b>Presentaci\u00f3n<\/b><\/p>\n<p>Se suministra en unidades (paquete m\u00ednimo de 10 piezas).<\/p>\n<p><b>Uso<\/b><\/p>\n<p>En el techado de casas, almacenes, plantas industriales, etc.<\/p>\n","protected":false},"excerpt":{"rendered":"<p>Descripci\u00f3n Planchas de acero zincadas por inmersi\u00f3n en caliente, acanaladas por deformaci\u00f3n en fr\u00edo por medio de procesos mec\u00e1nicos. Denominaci\u00f3n PZO A653 Normas t\u00e9cnicas ASTM A653\/A653M Tipo B o JIS G3302 SGCH Modificada, sin restricci\u00f3n del contenido de P y S. Presentaci\u00f3n Se suministra en unidades (paquete m\u00ednimo de 10 piezas). Uso En el techado [&hellip;]<\/p>\n","protected":false},"featured_media":798,"comment_status":"open","ping_status":"closed","template":"","meta":[],"product_cat":[28],"product_tag":[],"class_list":["post-795","product","type-product","status-publish","has-post-thumbnail","hentry","product_cat-calaminas"],"_links":{"self":[{"href":"https:\/\/businessmax.com.pe\/index.php\/wp-json\/wp\/v2\/product\/795","targetHints":{"allow":["GET"]}}],"collection":[{"href":"https:\/\/businessmax.com.pe\/index.php\/wp-json\/wp\/v2\/product"}],"about":[{"href":"https:\/\/businessmax.com.pe\/index.php\/wp-json\/wp\/v2\/types\/product"}],"replies":[{"embeddable":true,"href":"https:\/\/businessmax.com.pe\/index.php\/wp-json\/wp\/v2\/comments?post=795"}],"wp:featuredmedia":[{"embeddable":true,"href":"https:\/\/businessmax.com.pe\/index.php\/wp-json\/wp\/v2\/media\/798"}],"wp:attachment":[{"href":"https:\/\/businessmax.com.pe\/index.php\/wp-json\/wp\/v2\/media?parent=795"}],"wp:term":[{"taxonomy":"product_cat","embeddable":true,"href":"https:\/\/businessmax.com.pe\/index.php\/wp-json\/wp\/v2\/product_cat?post=795"},{"taxonomy":"product_tag","embeddable":true,"href":"https:\/\/businessmax.com.pe\/index.php\/wp-json\/wp\/v2\/product_tag?post=795"}],"curies":[{"name":"wp","href":"https:\/\/api.w.org\/{rel}","templated":true}]}}