{"id":789,"date":"2023-01-16T07:37:43","date_gmt":"2023-01-16T07:37:43","guid":{"rendered":"https:\/\/businessmax.com.pe\/?post_type=product&#038;p=789"},"modified":"2023-01-16T07:37:43","modified_gmt":"2023-01-16T07:37:43","slug":"vigas-h-alas-anchas-wf","status":"publish","type":"product","link":"https:\/\/businessmax.com.pe\/index.php\/producto\/vigas-h-alas-anchas-wf\/","title":{"rendered":"Vigas H Alas anchas WF"},"content":{"rendered":"<p><b>Descripci\u00f3n<\/b><\/p>\n<p>Producto laminado en caliente con secci\u00f3n en forma de &#8220;H&#8221; (con alas paralelas), de calidad estructural en cumplimiento con las normas ASTM A36, ASTM A572 Grado 50 o la ASTM A992. Asimismo, pueden presentarse en calidad dual.<\/p>\n<p><b>Denominaci\u00f3n<\/b><\/p>\n<p><span id=\"producto-denominacion\">VIGAS H ALAS ANCHAS (WF)<\/span><\/p>\n<p><b>Normas t\u00e9cnicas<\/b><\/p>\n<p>&#8211; Propiedades Mec\u00e1nicas: ASTM A36\/A36M, ASTM A572\/A572M, ASTM A992\/A992M.<\/p>\n<p>&#8211; Tolerancia Dimensional: ASTM A6 \/A6M<\/p>\n<p><b>Presentaci\u00f3n<\/b><\/p>\n<p>Se comercializan en barras de 30 y 40 pies. Otras longitudes a pedido.<\/p>\n<p><b>Uso<\/b><\/p>\n<p>En la fabricaci\u00f3n de estructuras met\u00e1licas, edificios, puentes gr\u00faas, estructuras en general, cerchas, etc.<\/p>\n","protected":false},"excerpt":{"rendered":"<p>Descripci\u00f3n Producto laminado en caliente con secci\u00f3n en forma de &#8220;H&#8221; (con alas paralelas), de calidad estructural en cumplimiento con las normas ASTM A36, ASTM A572 Grado 50 o la ASTM A992. Asimismo, pueden presentarse en calidad dual. Denominaci\u00f3n VIGAS H ALAS ANCHAS (WF) Normas t\u00e9cnicas &#8211; Propiedades Mec\u00e1nicas: ASTM A36\/A36M, ASTM A572\/A572M, ASTM A992\/A992M. [&hellip;]<\/p>\n","protected":false},"featured_media":790,"comment_status":"open","ping_status":"closed","template":"","meta":[],"product_cat":[29],"product_tag":[],"class_list":["post-789","product","type-product","status-publish","has-post-thumbnail","hentry","product_cat-vigas"],"_links":{"self":[{"href":"https:\/\/businessmax.com.pe\/index.php\/wp-json\/wp\/v2\/product\/789","targetHints":{"allow":["GET"]}}],"collection":[{"href":"https:\/\/businessmax.com.pe\/index.php\/wp-json\/wp\/v2\/product"}],"about":[{"href":"https:\/\/businessmax.com.pe\/index.php\/wp-json\/wp\/v2\/types\/product"}],"replies":[{"embeddable":true,"href":"https:\/\/businessmax.com.pe\/index.php\/wp-json\/wp\/v2\/comments?post=789"}],"wp:featuredmedia":[{"embeddable":true,"href":"https:\/\/businessmax.com.pe\/index.php\/wp-json\/wp\/v2\/media\/790"}],"wp:attachment":[{"href":"https:\/\/businessmax.com.pe\/index.php\/wp-json\/wp\/v2\/media?parent=789"}],"wp:term":[{"taxonomy":"product_cat","embeddable":true,"href":"https:\/\/businessmax.com.pe\/index.php\/wp-json\/wp\/v2\/product_cat?post=789"},{"taxonomy":"product_tag","embeddable":true,"href":"https:\/\/businessmax.com.pe\/index.php\/wp-json\/wp\/v2\/product_tag?post=789"}],"curies":[{"name":"wp","href":"https:\/\/api.w.org\/{rel}","templated":true}]}}