{"id":784,"date":"2023-01-16T07:36:16","date_gmt":"2023-01-16T07:36:16","guid":{"rendered":"https:\/\/businessmax.com.pe\/?post_type=product&#038;p=784"},"modified":"2023-01-16T07:36:16","modified_gmt":"2023-01-16T07:36:16","slug":"angulos-estructurales","status":"publish","type":"product","link":"https:\/\/businessmax.com.pe\/index.php\/producto\/angulos-estructurales\/","title":{"rendered":"\u00c1ngulos Estructurales"},"content":{"rendered":"<p><b>Descripci\u00f3n<\/b><\/p>\n<p>Producto de acero laminado en caliente cuya secci\u00f3n transversal est\u00e1 formada por dos alas de igual longitud, en \u00e1ngulo recto.<\/p>\n<p><b>Denominaci\u00f3n<\/b><\/p>\n<p><span id=\"producto-denominacion\">L A36.<\/span><\/p>\n<p><b>Normas t\u00e9cnicas<\/b><\/p>\n<p>&#8211; Propiedades Mec\u00e1nicas: ASTM A36 \/ A36M y NTP 350.400<\/p>\n<p>&#8211; Tolerancias Dimensionales<\/p>\n<p>Sistema Ingl\u00e9s: ASTM A6 \/ A6M y NTP 241.105<\/p>\n<p>Sistema M\u00e9trico: ISO 657 \/ V y NTP 241.105<\/p>\n<p><b>Presentaci\u00f3n<\/b><\/p>\n<p>Se produce en longitudes de 6 metros. Se suministra en paquetes de 1 t.<\/p>\n<p><b>Uso<\/b><\/p>\n<p>En la fabricaci\u00f3n de estructuras de acero para plantas industriales, almacenes, techados de grandes luces, industrial naval, carrocer\u00edas, torres de transmisi\u00f3n. Tambi\u00e9n se utiliza para la fabricaci\u00f3n de puertas, ventanas, rejas, etc.<\/p>\n","protected":false},"excerpt":{"rendered":"<p>Descripci\u00f3n Producto de acero laminado en caliente cuya secci\u00f3n transversal est\u00e1 formada por dos alas de igual longitud, en \u00e1ngulo recto. Denominaci\u00f3n L A36. Normas t\u00e9cnicas &#8211; Propiedades Mec\u00e1nicas: ASTM A36 \/ A36M y NTP 350.400 &#8211; Tolerancias Dimensionales Sistema Ingl\u00e9s: ASTM A6 \/ A6M y NTP 241.105 Sistema M\u00e9trico: ISO 657 \/ V y [&hellip;]<\/p>\n","protected":false},"featured_media":771,"comment_status":"open","ping_status":"closed","template":"","meta":[],"product_cat":[26],"product_tag":[],"class_list":["post-784","product","type-product","status-publish","has-post-thumbnail","hentry","product_cat-perfiles-de-aceros"],"_links":{"self":[{"href":"https:\/\/businessmax.com.pe\/index.php\/wp-json\/wp\/v2\/product\/784","targetHints":{"allow":["GET"]}}],"collection":[{"href":"https:\/\/businessmax.com.pe\/index.php\/wp-json\/wp\/v2\/product"}],"about":[{"href":"https:\/\/businessmax.com.pe\/index.php\/wp-json\/wp\/v2\/types\/product"}],"replies":[{"embeddable":true,"href":"https:\/\/businessmax.com.pe\/index.php\/wp-json\/wp\/v2\/comments?post=784"}],"wp:featuredmedia":[{"embeddable":true,"href":"https:\/\/businessmax.com.pe\/index.php\/wp-json\/wp\/v2\/media\/771"}],"wp:attachment":[{"href":"https:\/\/businessmax.com.pe\/index.php\/wp-json\/wp\/v2\/media?parent=784"}],"wp:term":[{"taxonomy":"product_cat","embeddable":true,"href":"https:\/\/businessmax.com.pe\/index.php\/wp-json\/wp\/v2\/product_cat?post=784"},{"taxonomy":"product_tag","embeddable":true,"href":"https:\/\/businessmax.com.pe\/index.php\/wp-json\/wp\/v2\/product_tag?post=784"}],"curies":[{"name":"wp","href":"https:\/\/api.w.org\/{rel}","templated":true}]}}