{"id":781,"date":"2023-01-16T07:34:56","date_gmt":"2023-01-16T07:34:56","guid":{"rendered":"https:\/\/businessmax.com.pe\/?post_type=product&#038;p=781"},"modified":"2023-01-16T07:34:56","modified_gmt":"2023-01-16T07:34:56","slug":"barras-cuadradas-ornamentales","status":"publish","type":"product","link":"https:\/\/businessmax.com.pe\/index.php\/producto\/barras-cuadradas-ornamentales\/","title":{"rendered":"Barras Cuadradas Ornamentales"},"content":{"rendered":"<p><b>Descripci\u00f3n<\/b><\/p>\n<p>Producto de acero laminado en caliente de secci\u00f3n cuadrada y de lados c\u00f3ncavos, que lo convierte en un elemento decorativo de gran belleza.<\/p>\n<p><b>Denominaci\u00f3n<\/b><\/p>\n<p><span id=\"producto-denominacion\">CUADRADO ORNAMENTAL A36.<\/span><\/p>\n<p><b>Normas t\u00e9cnicas<\/b><\/p>\n<p>&#8211; Composici\u00f3n Qu\u00edmica y Propiedades Mec\u00e1nicas: ASTM A36\/A36M y NTP 350.400<\/p>\n<p>&#8211; Tolerancias Dimensionales: ISO 1035\/4 y NTP 241.105<\/p>\n<p><b>Presentaci\u00f3n<\/b><\/p>\n<p>Se produce en barras de 6 metros de longitud. En otras longitudes, solo a pedido del cliente. Se suministran en paquetes de 1 t.<\/p>\n<p><b>Uso<\/b><\/p>\n<p>Se usa en forma recta y torsionada en la fabricaci\u00f3n de elementos decorativos de interiores y exteriores, como puertas, ventanas, rejas, escaleras, pasamanos, etc. Asimismo, se usa en la fabricaci\u00f3n de elementos forjados. La calidad del acero facilita el doblado, torsionado, curvado, forjado y soldado sin herramientas especiales.<\/p>\n","protected":false},"excerpt":{"rendered":"<p>Descripci\u00f3n Producto de acero laminado en caliente de secci\u00f3n cuadrada y de lados c\u00f3ncavos, que lo convierte en un elemento decorativo de gran belleza. Denominaci\u00f3n CUADRADO ORNAMENTAL A36. Normas t\u00e9cnicas &#8211; Composici\u00f3n Qu\u00edmica y Propiedades Mec\u00e1nicas: ASTM A36\/A36M y NTP 350.400 &#8211; Tolerancias Dimensionales: ISO 1035\/4 y NTP 241.105 Presentaci\u00f3n Se produce en barras de [&hellip;]<\/p>\n","protected":false},"featured_media":774,"comment_status":"open","ping_status":"closed","template":"","meta":[],"product_cat":[26],"product_tag":[],"class_list":["post-781","product","type-product","status-publish","has-post-thumbnail","hentry","product_cat-perfiles-de-aceros"],"_links":{"self":[{"href":"https:\/\/businessmax.com.pe\/index.php\/wp-json\/wp\/v2\/product\/781","targetHints":{"allow":["GET"]}}],"collection":[{"href":"https:\/\/businessmax.com.pe\/index.php\/wp-json\/wp\/v2\/product"}],"about":[{"href":"https:\/\/businessmax.com.pe\/index.php\/wp-json\/wp\/v2\/types\/product"}],"replies":[{"embeddable":true,"href":"https:\/\/businessmax.com.pe\/index.php\/wp-json\/wp\/v2\/comments?post=781"}],"wp:featuredmedia":[{"embeddable":true,"href":"https:\/\/businessmax.com.pe\/index.php\/wp-json\/wp\/v2\/media\/774"}],"wp:attachment":[{"href":"https:\/\/businessmax.com.pe\/index.php\/wp-json\/wp\/v2\/media?parent=781"}],"wp:term":[{"taxonomy":"product_cat","embeddable":true,"href":"https:\/\/businessmax.com.pe\/index.php\/wp-json\/wp\/v2\/product_cat?post=781"},{"taxonomy":"product_tag","embeddable":true,"href":"https:\/\/businessmax.com.pe\/index.php\/wp-json\/wp\/v2\/product_tag?post=781"}],"curies":[{"name":"wp","href":"https:\/\/api.w.org\/{rel}","templated":true}]}}