{"id":780,"date":"2023-01-16T07:34:33","date_gmt":"2023-01-16T07:34:33","guid":{"rendered":"https:\/\/businessmax.com.pe\/?post_type=product&#038;p=780"},"modified":"2023-01-16T07:34:33","modified_gmt":"2023-01-16T07:34:33","slug":"barras-cuadradas","status":"publish","type":"product","link":"https:\/\/businessmax.com.pe\/index.php\/producto\/barras-cuadradas\/","title":{"rendered":"Barras Cuadradas"},"content":{"rendered":"<p><b>Descripci\u00f3n<\/b><\/p>\n<p>Producto de acero que ha sido laminado en caliente en sus cuatro superficies, con una secci\u00f3n transversal cuadrada. Tiene las superficies lisas.<\/p>\n<p><b>Denominaci\u00f3n<\/b><\/p>\n<p><span id=\"producto-denominacion\">CUAD A36.<\/span><\/p>\n<p><b>Normas t\u00e9cnicas<\/b><\/p>\n<p>&#8211; Composici\u00f3n Qu\u00edmica y Propiedades Mec\u00e1nicas: ASTM A36\/A36M y NTP 350.400<\/p>\n<p>&#8211; Tolerancias Dimensionales: ISO 1035\/4 y NTP 241.105<\/p>\n<p><b>Presentaci\u00f3n<\/b><\/p>\n<p>Se produce en barras de 6 metros de longitud. En otras longitudes, solo a pedido del cliente. Se suministra en paquetes de 1 t.<\/p>\n<p><b>Uso<\/b><\/p>\n<p>En la fabricaci\u00f3n de estructuras met\u00e1licas, puertas, ventanas, rejas, piezas forjadas, etc.<\/p>\n<div class=\"modal__segmentos__descripcion__botones\"><\/div>\n","protected":false},"excerpt":{"rendered":"<p>Descripci\u00f3n Producto de acero que ha sido laminado en caliente en sus cuatro superficies, con una secci\u00f3n transversal cuadrada. Tiene las superficies lisas. Denominaci\u00f3n CUAD A36. Normas t\u00e9cnicas &#8211; Composici\u00f3n Qu\u00edmica y Propiedades Mec\u00e1nicas: ASTM A36\/A36M y NTP 350.400 &#8211; Tolerancias Dimensionales: ISO 1035\/4 y NTP 241.105 Presentaci\u00f3n Se produce en barras de 6 metros [&hellip;]<\/p>\n","protected":false},"featured_media":772,"comment_status":"open","ping_status":"closed","template":"","meta":[],"product_cat":[26],"product_tag":[],"class_list":["post-780","product","type-product","status-publish","has-post-thumbnail","hentry","product_cat-perfiles-de-aceros"],"_links":{"self":[{"href":"https:\/\/businessmax.com.pe\/index.php\/wp-json\/wp\/v2\/product\/780","targetHints":{"allow":["GET"]}}],"collection":[{"href":"https:\/\/businessmax.com.pe\/index.php\/wp-json\/wp\/v2\/product"}],"about":[{"href":"https:\/\/businessmax.com.pe\/index.php\/wp-json\/wp\/v2\/types\/product"}],"replies":[{"embeddable":true,"href":"https:\/\/businessmax.com.pe\/index.php\/wp-json\/wp\/v2\/comments?post=780"}],"wp:featuredmedia":[{"embeddable":true,"href":"https:\/\/businessmax.com.pe\/index.php\/wp-json\/wp\/v2\/media\/772"}],"wp:attachment":[{"href":"https:\/\/businessmax.com.pe\/index.php\/wp-json\/wp\/v2\/media?parent=780"}],"wp:term":[{"taxonomy":"product_cat","embeddable":true,"href":"https:\/\/businessmax.com.pe\/index.php\/wp-json\/wp\/v2\/product_cat?post=780"},{"taxonomy":"product_tag","embeddable":true,"href":"https:\/\/businessmax.com.pe\/index.php\/wp-json\/wp\/v2\/product_tag?post=780"}],"curies":[{"name":"wp","href":"https:\/\/api.w.org\/{rel}","templated":true}]}}