{"id":779,"date":"2023-01-16T07:34:00","date_gmt":"2023-01-16T07:34:00","guid":{"rendered":"https:\/\/businessmax.com.pe\/?post_type=product&#038;p=779"},"modified":"2023-01-16T07:34:00","modified_gmt":"2023-01-16T07:34:00","slug":"canales-u","status":"publish","type":"product","link":"https:\/\/businessmax.com.pe\/index.php\/producto\/canales-u\/","title":{"rendered":"Canales U"},"content":{"rendered":"<p><b>Descripci\u00f3n<\/b><\/p>\n<p>Producto laminado en caliente con secci\u00f3n en forma de &#8220;U&#8221; (con alas paralelas), de calidad dual porque cumple con las normas ASTM A36 y ASTM A572 Grado 50 simult\u00e1neamente.<\/p>\n<p><b>Denominaci\u00f3n<\/b><\/p>\n<p><span id=\"producto-denominacion\">C (U) DUAL A36\/A572 -G50.<\/span><\/p>\n<p><b>Normas t\u00e9cnicas<\/b><\/p>\n<p>&#8211; Composici\u00f3n Qu\u00edmica\u00a0<strong><em>y Propiedades Mec\u00e1nicas<\/em><\/strong>: ASTM A36\/A36M, ASTM A572\/A572M,\u00a0<strong><em>NTP 350.400 y NTP 350.407.<\/em><\/strong><\/p>\n<p>&#8211; Tolerancia Dimensional: ASTM A6 \/A6M\u00a0<strong><em>y NTP 241.105<\/em><\/strong><\/p>\n<p>&#8211; Composici\u00f3n Qu\u00edmica\u00a0<strong><em>y Propiedades Mec\u00e1nicas<\/em><\/strong>: ASTM A36\/A36M, ASTM A572\/A572M,\u00a0<strong><em>NTP 350.400 y NTP 350.407.<\/em><\/strong><\/p>\n<p>&#8211; Tolerancia Dimensional: ASTM A6 \/A6M\u00a0<strong><em>y NTP 241.105<\/em><\/strong><\/p>\n<p><b>Presentaci\u00f3n<\/b><\/p>\n<p>Se produce en barras de 6 metros de longitud. Se suministra en paquetes de 1 t.<\/p>\n<p><b>Uso<\/b><\/p>\n<p>En la fabricaci\u00f3n de estructuras met\u00e1licas, puertas grandes, rejas y cercos de mayor tama\u00f1o, etc.<\/p>\n","protected":false},"excerpt":{"rendered":"<p>Descripci\u00f3n Producto laminado en caliente con secci\u00f3n en forma de &#8220;U&#8221; (con alas paralelas), de calidad dual porque cumple con las normas ASTM A36 y ASTM A572 Grado 50 simult\u00e1neamente. Denominaci\u00f3n C (U) DUAL A36\/A572 -G50. Normas t\u00e9cnicas &#8211; Composici\u00f3n Qu\u00edmica\u00a0y Propiedades Mec\u00e1nicas: ASTM A36\/A36M, ASTM A572\/A572M,\u00a0NTP 350.400 y NTP 350.407. &#8211; Tolerancia Dimensional: ASTM [&hellip;]<\/p>\n","protected":false},"featured_media":775,"comment_status":"open","ping_status":"closed","template":"","meta":[],"product_cat":[26],"product_tag":[],"class_list":["post-779","product","type-product","status-publish","has-post-thumbnail","hentry","product_cat-perfiles-de-aceros"],"_links":{"self":[{"href":"https:\/\/businessmax.com.pe\/index.php\/wp-json\/wp\/v2\/product\/779","targetHints":{"allow":["GET"]}}],"collection":[{"href":"https:\/\/businessmax.com.pe\/index.php\/wp-json\/wp\/v2\/product"}],"about":[{"href":"https:\/\/businessmax.com.pe\/index.php\/wp-json\/wp\/v2\/types\/product"}],"replies":[{"embeddable":true,"href":"https:\/\/businessmax.com.pe\/index.php\/wp-json\/wp\/v2\/comments?post=779"}],"wp:featuredmedia":[{"embeddable":true,"href":"https:\/\/businessmax.com.pe\/index.php\/wp-json\/wp\/v2\/media\/775"}],"wp:attachment":[{"href":"https:\/\/businessmax.com.pe\/index.php\/wp-json\/wp\/v2\/media?parent=779"}],"wp:term":[{"taxonomy":"product_cat","embeddable":true,"href":"https:\/\/businessmax.com.pe\/index.php\/wp-json\/wp\/v2\/product_cat?post=779"},{"taxonomy":"product_tag","embeddable":true,"href":"https:\/\/businessmax.com.pe\/index.php\/wp-json\/wp\/v2\/product_tag?post=779"}],"curies":[{"name":"wp","href":"https:\/\/api.w.org\/{rel}","templated":true}]}}