{"id":769,"date":"2023-01-16T07:33:17","date_gmt":"2023-01-16T07:33:17","guid":{"rendered":"https:\/\/businessmax.com.pe\/?post_type=product&#038;p=769"},"modified":"2023-01-16T07:33:17","modified_gmt":"2023-01-16T07:33:17","slug":"tees","status":"publish","type":"product","link":"https:\/\/businessmax.com.pe\/index.php\/producto\/tees\/","title":{"rendered":"Tees"},"content":{"rendered":"<p><b>Descripci\u00f3n<\/b><\/p>\n<p>Producto de acero laminado en caliente de secci\u00f3n en forma de T.<\/p>\n<p><b>Denominaci\u00f3n<\/b><\/p>\n<p><span id=\"producto-denominacion\">T A36.<\/span><\/p>\n<p><b>Normas t\u00e9cnicas<\/b><\/p>\n<p>&#8211; Propiedades\u00a0Mec\u00e1nicas: ASTM A36\/A36M y NTP 350.400<\/p>\n<p>&#8211;\u00a0Tolerancias Dimensionales:<\/p>\n<p>\u2022\u00a0Sistema\u00a0Ingl\u00e9s: ASTM A6 \/ A6M y NTP 241.105.<\/p>\n<p>\u2022\u00a0Sistema\u00a0M\u00e9trico: DIN 1025 y NTP 241.105.<\/p>\n<p><b>Presentaci\u00f3n<\/b><\/p>\n<p>Se produce en longitudes de 6 metros. Se suministran por paquetes de 1 Tm c\/u.<\/p>\n<p><b>Uso<\/b><\/p>\n<p>En la fabricaci\u00f3n de estructuras met\u00e1licas para la construcci\u00f3n civil, torres de transmisi\u00f3n, tijerales, carpinter\u00eda met\u00e1lica, etc.<\/p>\n","protected":false},"excerpt":{"rendered":"<p>Descripci\u00f3n Producto de acero laminado en caliente de secci\u00f3n en forma de T. Denominaci\u00f3n T A36. Normas t\u00e9cnicas &#8211; Propiedades\u00a0Mec\u00e1nicas: ASTM A36\/A36M y NTP 350.400 &#8211;\u00a0Tolerancias Dimensionales: \u2022\u00a0Sistema\u00a0Ingl\u00e9s: ASTM A6 \/ A6M y NTP 241.105. \u2022\u00a0Sistema\u00a0M\u00e9trico: DIN 1025 y NTP 241.105. Presentaci\u00f3n Se produce en longitudes de 6 metros. Se suministran por paquetes de 1 [&hellip;]<\/p>\n","protected":false},"featured_media":777,"comment_status":"open","ping_status":"closed","template":"","meta":[],"product_cat":[26],"product_tag":[],"class_list":["post-769","product","type-product","status-publish","has-post-thumbnail","hentry","product_cat-perfiles-de-aceros"],"_links":{"self":[{"href":"https:\/\/businessmax.com.pe\/index.php\/wp-json\/wp\/v2\/product\/769","targetHints":{"allow":["GET"]}}],"collection":[{"href":"https:\/\/businessmax.com.pe\/index.php\/wp-json\/wp\/v2\/product"}],"about":[{"href":"https:\/\/businessmax.com.pe\/index.php\/wp-json\/wp\/v2\/types\/product"}],"replies":[{"embeddable":true,"href":"https:\/\/businessmax.com.pe\/index.php\/wp-json\/wp\/v2\/comments?post=769"}],"wp:featuredmedia":[{"embeddable":true,"href":"https:\/\/businessmax.com.pe\/index.php\/wp-json\/wp\/v2\/media\/777"}],"wp:attachment":[{"href":"https:\/\/businessmax.com.pe\/index.php\/wp-json\/wp\/v2\/media?parent=769"}],"wp:term":[{"taxonomy":"product_cat","embeddable":true,"href":"https:\/\/businessmax.com.pe\/index.php\/wp-json\/wp\/v2\/product_cat?post=769"},{"taxonomy":"product_tag","embeddable":true,"href":"https:\/\/businessmax.com.pe\/index.php\/wp-json\/wp\/v2\/product_tag?post=769"}],"curies":[{"name":"wp","href":"https:\/\/api.w.org\/{rel}","templated":true}]}}