{"id":764,"date":"2023-01-16T07:05:13","date_gmt":"2023-01-16T07:05:13","guid":{"rendered":"https:\/\/businessmax.com.pe\/?post_type=product&#038;p=764"},"modified":"2023-01-16T07:05:13","modified_gmt":"2023-01-16T07:05:13","slug":"alambron-de-trefileria","status":"publish","type":"product","link":"https:\/\/businessmax.com.pe\/index.php\/producto\/alambron-de-trefileria\/","title":{"rendered":"Alambr\u00f3n de Trefiler\u00eda"},"content":{"rendered":"<p><b>Descripci\u00f3n<\/b><\/p>\n<p>Producto de acero de bajo carbono fabricado por laminacio\u0301n en caliente, de seccio\u0301n circular y superficie lisa.<\/p>\n<p><b>Denominaci\u00f3n<\/b><\/p>\n<p><span id=\"producto-denominacion\">ALAM TREF.<\/span><\/p>\n<p><b>Normas t\u00e9cnicas<\/b><\/p>\n<p>Composicio\u0301n qui\u0301mica : SAEJ403<\/p>\n<p>Calidad superficial : JIS G 3108<\/p>\n<p><b>Presentaci\u00f3n<\/b><\/p>\n<p>En rollos de 2,400 Kg (+100 \/ -200 kg) firmemente empacados, presentando 4 amarres adecuadamente distribuidos y ajustados. Los rollos esta\u0301n identificados con tarjetas meta\u0301licas y etiquetas con co\u0301digo de barras que indican el nombre del producto, norma de fabricacio\u0301n, nu\u0301mero de colada, nu\u0301mero de paquete (rollo) y peso.<\/p>\n<p><b>Uso<\/b><\/p>\n<p>Para la fabricacio\u0301n de alambres por trefilacio\u0301n, los cuales son utilizados en diversas aplicaciones para las industrias de la construccio\u0301n, mineri\u0301a, metalmeca\u0301nica, agricultura, entre otras. Los principales productos a obtenerse son clavos, alambres recocidos, alambres de pu\u0301as, mallas tejidas o electrosoldadas, electrodos de<br \/>\nsoldadura y gaviones.<\/p>\n","protected":false},"excerpt":{"rendered":"<p>Descripci\u00f3n Producto de acero de bajo carbono fabricado por laminacio\u0301n en caliente, de seccio\u0301n circular y superficie lisa. Denominaci\u00f3n ALAM TREF. Normas t\u00e9cnicas Composicio\u0301n qui\u0301mica : SAEJ403 Calidad superficial : JIS G 3108 Presentaci\u00f3n En rollos de 2,400 Kg (+100 \/ -200 kg) firmemente empacados, presentando 4 amarres adecuadamente distribuidos y ajustados. Los rollos esta\u0301n [&hellip;]<\/p>\n","protected":false},"featured_media":765,"comment_status":"open","ping_status":"closed","template":"","meta":[],"product_cat":[27],"product_tag":[],"class_list":["post-764","product","type-product","status-publish","has-post-thumbnail","hentry","product_cat-alambron-de-trefileria"],"_links":{"self":[{"href":"https:\/\/businessmax.com.pe\/index.php\/wp-json\/wp\/v2\/product\/764","targetHints":{"allow":["GET"]}}],"collection":[{"href":"https:\/\/businessmax.com.pe\/index.php\/wp-json\/wp\/v2\/product"}],"about":[{"href":"https:\/\/businessmax.com.pe\/index.php\/wp-json\/wp\/v2\/types\/product"}],"replies":[{"embeddable":true,"href":"https:\/\/businessmax.com.pe\/index.php\/wp-json\/wp\/v2\/comments?post=764"}],"wp:featuredmedia":[{"embeddable":true,"href":"https:\/\/businessmax.com.pe\/index.php\/wp-json\/wp\/v2\/media\/765"}],"wp:attachment":[{"href":"https:\/\/businessmax.com.pe\/index.php\/wp-json\/wp\/v2\/media?parent=764"}],"wp:term":[{"taxonomy":"product_cat","embeddable":true,"href":"https:\/\/businessmax.com.pe\/index.php\/wp-json\/wp\/v2\/product_cat?post=764"},{"taxonomy":"product_tag","embeddable":true,"href":"https:\/\/businessmax.com.pe\/index.php\/wp-json\/wp\/v2\/product_tag?post=764"}],"curies":[{"name":"wp","href":"https:\/\/api.w.org\/{rel}","templated":true}]}}