{"id":736,"date":"2023-01-16T06:55:36","date_gmt":"2023-01-16T06:55:36","guid":{"rendered":"https:\/\/businessmax.com.pe\/?post_type=product&#038;p=736"},"modified":"2023-01-16T06:55:36","modified_gmt":"2023-01-16T06:55:36","slug":"fierro-corrugado-astm-a706","status":"publish","type":"product","link":"https:\/\/businessmax.com.pe\/index.php\/producto\/fierro-corrugado-astm-a706\/","title":{"rendered":"Fierro Corrugado ASTM A706"},"content":{"rendered":"<p><b>Descripci\u00f3n<\/b><\/p>\n<p>Barras de acero microaleado de alta ductilidad, rectas de secci\u00f3n circular, con resaltes Hi-bond de alta adherencia con el concreto.<\/p>\n<p><b>Denominaci\u00f3n<\/b><\/p>\n<p><span id=\"producto-denominacion\">Fierro Corrugado ASTM A706<\/span><\/p>\n<p><b>Normas t\u00e9cnicas<\/b><\/p>\n<p><span lang=\"ES\">-ASTM A706 Grado 60<\/span><\/p>\n<p><span lang=\"ES\">-Norma T\u00e9cnica Peruana NTP 339.186 Grado 420.<\/span><\/p>\n<p><span lang=\"ES\">&#8211; NTE E.060 CONCRETO ARMADO punto 21.3.3<\/span><\/p>\n<p><b>Presentaci\u00f3n<\/b><\/p>\n<p>Se produce en barras de 9 m y 12 m de longitud en los siguientes di\u00e1metros: 6mm, 8mm, 3\/8&#8243;, 12mm, 1\/2&#8243;, 5\/8&#8243;, 3\/4&#8243;, 1&#8243;, 1 1\/4\u201d y 1 3\/8&#8243;. Previo acuerdo, se puede producir en otros di\u00e1metros y longitudes requeridos por los clientes. Se suministra en paquetes de 2 toneladas, en varillas y como Acero Dimensionado.<\/p>\n<p><b>Uso<\/b><\/p>\n<p>El acero A706 se usa como refuerzo para concreto armado, en estructuras sismorresistentes &#8211; seg\u00fan lo especificado en el Reglamento Nacional de Edificaciones del Per\u00fa (Norma E.060) y el Reglamento del American Concrete Institute (ACI 318, secci\u00f3n 21) &#8211; y donde se requiera el soldado de las estructuras.<\/p>\n","protected":false},"excerpt":{"rendered":"<p>Descripci\u00f3n Barras de acero microaleado de alta ductilidad, rectas de secci\u00f3n circular, con resaltes Hi-bond de alta adherencia con el concreto. Denominaci\u00f3n Fierro Corrugado ASTM A706 Normas t\u00e9cnicas -ASTM A706 Grado 60 -Norma T\u00e9cnica Peruana NTP 339.186 Grado 420. &#8211; NTE E.060 CONCRETO ARMADO punto 21.3.3 Presentaci\u00f3n Se produce en barras de 9 m y [&hellip;]<\/p>\n","protected":false},"featured_media":737,"comment_status":"open","ping_status":"closed","template":"","meta":[],"product_cat":[32],"product_tag":[],"class_list":["post-736","product","type-product","status-publish","has-post-thumbnail","hentry","product_cat-fierros-de-construccion"],"_links":{"self":[{"href":"https:\/\/businessmax.com.pe\/index.php\/wp-json\/wp\/v2\/product\/736","targetHints":{"allow":["GET"]}}],"collection":[{"href":"https:\/\/businessmax.com.pe\/index.php\/wp-json\/wp\/v2\/product"}],"about":[{"href":"https:\/\/businessmax.com.pe\/index.php\/wp-json\/wp\/v2\/types\/product"}],"replies":[{"embeddable":true,"href":"https:\/\/businessmax.com.pe\/index.php\/wp-json\/wp\/v2\/comments?post=736"}],"wp:featuredmedia":[{"embeddable":true,"href":"https:\/\/businessmax.com.pe\/index.php\/wp-json\/wp\/v2\/media\/737"}],"wp:attachment":[{"href":"https:\/\/businessmax.com.pe\/index.php\/wp-json\/wp\/v2\/media?parent=736"}],"wp:term":[{"taxonomy":"product_cat","embeddable":true,"href":"https:\/\/businessmax.com.pe\/index.php\/wp-json\/wp\/v2\/product_cat?post=736"},{"taxonomy":"product_tag","embeddable":true,"href":"https:\/\/businessmax.com.pe\/index.php\/wp-json\/wp\/v2\/product_tag?post=736"}],"curies":[{"name":"wp","href":"https:\/\/api.w.org\/{rel}","templated":true}]}}