{"id":408,"date":"2023-01-04T09:30:10","date_gmt":"2023-01-04T09:30:10","guid":{"rendered":"https:\/\/businessmax.com.pe\/?post_type=product&#038;p=408"},"modified":"2023-01-16T06:35:06","modified_gmt":"2023-01-16T06:35:06","slug":"planchas-y-bobinas-zincadas","status":"publish","type":"product","link":"https:\/\/businessmax.com.pe\/index.php\/producto\/planchas-y-bobinas-zincadas\/","title":{"rendered":"Planchas y Bobinas Zincadas"},"content":{"rendered":"<p><b>Descripci\u00f3n<\/b><\/p>\n<p>Est\u00e1n constituidas por planchas y bobinas lisas de acero laminado en fr\u00edo, calidad comercial, revestidas por ambas superficies con una capa de zinc aplicada por inmersi\u00f3n en caliente. Tienen un tratamiento qu\u00edmico superficial de cromado seco, que garantiza una protecci\u00f3n adecuada para las exigentes condiciones ambientales de nuestro pa\u00eds, prolong\u00e1ndose su vida \u00fatil.<\/p>\n<p><b>Denominaci\u00f3n<\/b><\/p>\n<p><span id=\"producto-denominacion\">PZL JISG 3302, BZLI JIS G 3302.<\/span><\/p>\n<p><b>Normas t\u00e9cnicas<\/b><\/p>\n<p>JISG 3302 o equivalente ASTM A653 \/ A 653M.<\/p>\n<p><b>Presentaci\u00f3n<\/b><\/p>\n<p>&#8211; Las planchas vienen en paquetes de 2.5 a 3 TM aproximadamente.<\/p>\n<p>&#8211; Las bobinas vienen con peso m\u00ednimo de 4 TM.<\/p>\n<p><b>Uso<\/b><\/p>\n<p>En la fabricaci\u00f3n de paneles, coberturas, carrocer\u00edas, instalaciones para la avicultura, ductos, silos, etc.<\/p>\n","protected":false},"excerpt":{"rendered":"<p>wrtrwtwt<\/p>\n","protected":false},"featured_media":409,"comment_status":"open","ping_status":"closed","template":"","meta":[],"product_cat":[24],"product_tag":[],"class_list":["post-408","product","type-product","status-publish","has-post-thumbnail","hentry","product_cat-planchas-y-bobinas"],"_links":{"self":[{"href":"https:\/\/businessmax.com.pe\/index.php\/wp-json\/wp\/v2\/product\/408","targetHints":{"allow":["GET"]}}],"collection":[{"href":"https:\/\/businessmax.com.pe\/index.php\/wp-json\/wp\/v2\/product"}],"about":[{"href":"https:\/\/businessmax.com.pe\/index.php\/wp-json\/wp\/v2\/types\/product"}],"replies":[{"embeddable":true,"href":"https:\/\/businessmax.com.pe\/index.php\/wp-json\/wp\/v2\/comments?post=408"}],"wp:featuredmedia":[{"embeddable":true,"href":"https:\/\/businessmax.com.pe\/index.php\/wp-json\/wp\/v2\/media\/409"}],"wp:attachment":[{"href":"https:\/\/businessmax.com.pe\/index.php\/wp-json\/wp\/v2\/media?parent=408"}],"wp:term":[{"taxonomy":"product_cat","embeddable":true,"href":"https:\/\/businessmax.com.pe\/index.php\/wp-json\/wp\/v2\/product_cat?post=408"},{"taxonomy":"product_tag","embeddable":true,"href":"https:\/\/businessmax.com.pe\/index.php\/wp-json\/wp\/v2\/product_tag?post=408"}],"curies":[{"name":"wp","href":"https:\/\/api.w.org\/{rel}","templated":true}]}}