{"id":404,"date":"2023-01-04T09:29:08","date_gmt":"2023-01-04T09:29:08","guid":{"rendered":"https:\/\/businessmax.com.pe\/?post_type=product&#038;p=404"},"modified":"2023-02-02T15:48:41","modified_gmt":"2023-02-02T15:48:41","slug":"planchas-estriadas-lac","status":"publish","type":"product","link":"https:\/\/businessmax.com.pe\/index.php\/producto\/planchas-estriadas-lac\/","title":{"rendered":"Planchas Estriadas LAC"},"content":{"rendered":"<p><b>Descripci\u00f3n<\/b><\/p>\n<p>Planchas de acero laminadas en caliente calidad comercial, con bordes de laminaci\u00f3n o bordes cortados, con figuras geom\u00e9tricas resaltadas distribuidas en intervalos regulares, en una de las caras.<\/p>\n<p><b>Denominaci\u00f3n<\/b><\/p>\n<p><span id=\"producto-denominacion\">PLACA A36<\/span><\/p>\n<p><b>Normas t\u00e9cnicas<\/b><\/p>\n<p>&#8211; ASTM A36\/ A36M-14<\/p>\n<p>&#8211; JIS G3193-2008<\/p>\n<p>&#8211; ASTM A786\/ A786M-15<\/p>\n<p><b>Presentaci\u00f3n<\/b><\/p>\n<p>Las planchas vienen: sueltas en funci\u00f3n del espesor o en paquetes de 2.0 TM m\u00ednimo.\u00a0A solicitud del cliente se emiten certificados de calidad.<\/p>\n<p><b>Uso<\/b><\/p>\n<p>En la construcci\u00f3n de plataformas, pisos, escaleras, equipamiento de transporte y circulaci\u00f3n, y estructuras en general.<\/p>\n","protected":false},"excerpt":{"rendered":"<p>Descripci\u00f3n Planchas de acero laminadas en caliente calidad comercial, con bordes de laminaci\u00f3n o bordes cortados, con figuras geom\u00e9tricas resaltadas distribuidas en intervalos regulares, en una de las caras. Denominaci\u00f3n PLACA A36 Normas t\u00e9cnicas &#8211; ASTM A36\/ A36M-14 &#8211; JIS G3193-2008 &#8211; ASTM A786\/ A786M-15 Presentaci\u00f3n Las planchas vienen: sueltas en funci\u00f3n del espesor o [&hellip;]<\/p>\n","protected":false},"featured_media":405,"comment_status":"open","ping_status":"closed","template":"","meta":[],"product_cat":[24],"product_tag":[],"class_list":["post-404","product","type-product","status-publish","has-post-thumbnail","hentry","product_cat-planchas-y-bobinas"],"_links":{"self":[{"href":"https:\/\/businessmax.com.pe\/index.php\/wp-json\/wp\/v2\/product\/404","targetHints":{"allow":["GET"]}}],"collection":[{"href":"https:\/\/businessmax.com.pe\/index.php\/wp-json\/wp\/v2\/product"}],"about":[{"href":"https:\/\/businessmax.com.pe\/index.php\/wp-json\/wp\/v2\/types\/product"}],"replies":[{"embeddable":true,"href":"https:\/\/businessmax.com.pe\/index.php\/wp-json\/wp\/v2\/comments?post=404"}],"wp:featuredmedia":[{"embeddable":true,"href":"https:\/\/businessmax.com.pe\/index.php\/wp-json\/wp\/v2\/media\/405"}],"wp:attachment":[{"href":"https:\/\/businessmax.com.pe\/index.php\/wp-json\/wp\/v2\/media?parent=404"}],"wp:term":[{"taxonomy":"product_cat","embeddable":true,"href":"https:\/\/businessmax.com.pe\/index.php\/wp-json\/wp\/v2\/product_cat?post=404"},{"taxonomy":"product_tag","embeddable":true,"href":"https:\/\/businessmax.com.pe\/index.php\/wp-json\/wp\/v2\/product_tag?post=404"}],"curies":[{"name":"wp","href":"https:\/\/api.w.org\/{rel}","templated":true}]}}