{"id":402,"date":"2023-01-04T09:28:47","date_gmt":"2023-01-04T09:28:47","guid":{"rendered":"https:\/\/businessmax.com.pe\/?post_type=product&#038;p=402"},"modified":"2023-01-16T06:40:05","modified_gmt":"2023-01-16T06:40:05","slug":"planchas-y-bobinas-lac","status":"publish","type":"product","link":"https:\/\/businessmax.com.pe\/index.php\/producto\/planchas-y-bobinas-lac\/","title":{"rendered":"Planchas y Bobinas LAC"},"content":{"rendered":"<p><b>Descripci\u00f3n<\/b><\/p>\n<p>Bobinas y Planchas de acero laminadas en caliente con bordes de laminaci\u00f3n.<\/p>\n<p><b>Denominaci\u00f3n<\/b><\/p>\n<p><span id=\"producto-denominacion\">BLAC A36, PDLAC A36.<\/span><\/p>\n<p><b>Normas t\u00e9cnicas<\/b><\/p>\n<p>&#8211; ASTM A36 y Dimensiones seg\u00fan JIS G3193-2008<\/p>\n<p><b>Presentaci\u00f3n<\/b><\/p>\n<p>Bobinas y Planchas de acero laminadas en caliente con bordes de laminaci\u00f3n.<\/p>\n<p><b>Uso<\/b><\/p>\n<p>Se usa en la fabricaci\u00f3n de tubos, perfiles plegados, asimismo luego de su corte en planchas, se emplea en la construcci\u00f3n de silos, carrocer\u00edas y construcci\u00f3n en general.<\/p>\n","protected":false},"excerpt":{"rendered":"<p>Descripci\u00f3n Bobinas y Planchas de acero laminadas en caliente con bordes de laminaci\u00f3n. Denominaci\u00f3n BLAC A36, PDLAC A36. Normas t\u00e9cnicas &#8211; ASTM A36 y Dimensiones seg\u00fan JIS G3193-2008 Presentaci\u00f3n Bobinas y Planchas de acero laminadas en caliente con bordes de laminaci\u00f3n. Uso Se usa en la fabricaci\u00f3n de tubos, perfiles plegados, asimismo luego de su [&hellip;]<\/p>\n","protected":false},"featured_media":403,"comment_status":"open","ping_status":"closed","template":"","meta":[],"product_cat":[24],"product_tag":[],"class_list":["post-402","product","type-product","status-publish","has-post-thumbnail","hentry","product_cat-planchas-y-bobinas"],"_links":{"self":[{"href":"https:\/\/businessmax.com.pe\/index.php\/wp-json\/wp\/v2\/product\/402","targetHints":{"allow":["GET"]}}],"collection":[{"href":"https:\/\/businessmax.com.pe\/index.php\/wp-json\/wp\/v2\/product"}],"about":[{"href":"https:\/\/businessmax.com.pe\/index.php\/wp-json\/wp\/v2\/types\/product"}],"replies":[{"embeddable":true,"href":"https:\/\/businessmax.com.pe\/index.php\/wp-json\/wp\/v2\/comments?post=402"}],"wp:featuredmedia":[{"embeddable":true,"href":"https:\/\/businessmax.com.pe\/index.php\/wp-json\/wp\/v2\/media\/403"}],"wp:attachment":[{"href":"https:\/\/businessmax.com.pe\/index.php\/wp-json\/wp\/v2\/media?parent=402"}],"wp:term":[{"taxonomy":"product_cat","embeddable":true,"href":"https:\/\/businessmax.com.pe\/index.php\/wp-json\/wp\/v2\/product_cat?post=402"},{"taxonomy":"product_tag","embeddable":true,"href":"https:\/\/businessmax.com.pe\/index.php\/wp-json\/wp\/v2\/product_tag?post=402"}],"curies":[{"name":"wp","href":"https:\/\/api.w.org\/{rel}","templated":true}]}}