{"id":400,"date":"2023-01-04T09:28:25","date_gmt":"2023-01-04T09:28:25","guid":{"rendered":"https:\/\/businessmax.com.pe\/?post_type=product&#038;p=400"},"modified":"2023-01-16T06:39:50","modified_gmt":"2023-01-16T06:39:50","slug":"planchas-de-alta-resistencia-a572","status":"publish","type":"product","link":"https:\/\/businessmax.com.pe\/index.php\/producto\/planchas-de-alta-resistencia-a572\/","title":{"rendered":"Planchas de alta resistencia A572"},"content":{"rendered":"<p><b>Descripci\u00f3n<\/b><\/p>\n<p>Plancha de acero al carbono laminada en caliente obtenido a partir de acero estructural de alta resistencia mec\u00e1nica industrial.<\/p>\n<p><b>Denominaci\u00f3n<\/b><\/p>\n<p><span id=\"producto-denominacion\">PHR A572<\/span><\/p>\n<p><b>Normas t\u00e9cnicas<\/b><\/p>\n<ul>\n<li>Propiedades Mec\u00e1nicas: seg\u00fan ASTM A542 &#8211; 50.<\/li>\n<li>Tolerancia Dimensional: ASTM A 6 \/A 6M.<\/li>\n<\/ul>\n<p><b>Presentaci\u00f3n<\/b><\/p>\n<ul>\n<li>Pueden suministrarse sueltas como enzunchadas.<\/li>\n<li>Las bobinas se suministran completas.<\/li>\n<\/ul>\n<p><b>Uso<\/b><\/p>\n<p>Construcci\u00f3n de edificios, gr\u00faas puente, perfiler\u00eda para estanter\u00eda met\u00e1lica pesada, equipos mec\u00e1nicos, tanques, vigas soldadas, tolvas, partes para carrocer\u00edas, etc.<\/p>\n","protected":false},"excerpt":{"rendered":"<p>Descripci\u00f3n Plancha de acero al carbono laminada en caliente obtenido a partir de acero estructural de alta resistencia mec\u00e1nica industrial. Denominaci\u00f3n PHR A572 Normas t\u00e9cnicas Propiedades Mec\u00e1nicas: seg\u00fan ASTM A542 &#8211; 50. Tolerancia Dimensional: ASTM A 6 \/A 6M. Presentaci\u00f3n Pueden suministrarse sueltas como enzunchadas. Las bobinas se suministran completas. Uso Construcci\u00f3n de edificios, gr\u00faas [&hellip;]<\/p>\n","protected":false},"featured_media":401,"comment_status":"open","ping_status":"closed","template":"","meta":[],"product_cat":[24],"product_tag":[],"class_list":["post-400","product","type-product","status-publish","has-post-thumbnail","hentry","product_cat-planchas-y-bobinas"],"_links":{"self":[{"href":"https:\/\/businessmax.com.pe\/index.php\/wp-json\/wp\/v2\/product\/400","targetHints":{"allow":["GET"]}}],"collection":[{"href":"https:\/\/businessmax.com.pe\/index.php\/wp-json\/wp\/v2\/product"}],"about":[{"href":"https:\/\/businessmax.com.pe\/index.php\/wp-json\/wp\/v2\/types\/product"}],"replies":[{"embeddable":true,"href":"https:\/\/businessmax.com.pe\/index.php\/wp-json\/wp\/v2\/comments?post=400"}],"wp:featuredmedia":[{"embeddable":true,"href":"https:\/\/businessmax.com.pe\/index.php\/wp-json\/wp\/v2\/media\/401"}],"wp:attachment":[{"href":"https:\/\/businessmax.com.pe\/index.php\/wp-json\/wp\/v2\/media?parent=400"}],"wp:term":[{"taxonomy":"product_cat","embeddable":true,"href":"https:\/\/businessmax.com.pe\/index.php\/wp-json\/wp\/v2\/product_cat?post=400"},{"taxonomy":"product_tag","embeddable":true,"href":"https:\/\/businessmax.com.pe\/index.php\/wp-json\/wp\/v2\/product_tag?post=400"}],"curies":[{"name":"wp","href":"https:\/\/api.w.org\/{rel}","templated":true}]}}