{"id":398,"date":"2023-01-04T09:27:58","date_gmt":"2023-01-04T09:27:58","guid":{"rendered":"https:\/\/businessmax.com.pe\/?post_type=product&#038;p=398"},"modified":"2023-01-16T06:39:34","modified_gmt":"2023-01-16T06:39:34","slug":"planchas-a709","status":"publish","type":"product","link":"https:\/\/businessmax.com.pe\/index.php\/producto\/planchas-a709\/","title":{"rendered":"Planchas A709"},"content":{"rendered":"<p><b>Descripci\u00f3n<\/b><\/p>\n<p>Plancha de acero al carbono laminada en caliente obtenido a partir de acero estructural de alta resistencia mec\u00e1nica.<\/p>\n<p><b>Denominaci\u00f3n<\/b><\/p>\n<p><span id=\"producto-denominacion\">PHR A709<\/span><\/p>\n<p><b>Normas t\u00e9cnicas<\/b><\/p>\n<p>&#8211; Propiedades Mec\u00e1nicas:\u00a0 seg\u00fan ASTM A709\u00a0 &#8211; 50<\/p>\n<p>&#8211; Tolerancia Dimensional: ASTM A 6 \/A 6M<\/p>\n<p><b>Presentaci\u00f3n<\/b><\/p>\n<p>Pueden suministrarse sueltas como enzunchadas.<\/p>\n<p>Las bobinas se suministran completas.<\/p>\n<p><b>Uso<\/b><\/p>\n<p>Puentes, vigas soldadas, construccion de edificios, gr\u00faas puente, equipos mec\u00e1nicos, material rodante, pilotes, tanques, etc.<\/p>\n","protected":false},"excerpt":{"rendered":"<p>Descripci\u00f3n Plancha de acero al carbono laminada en caliente obtenido a partir de acero estructural de alta resistencia mec\u00e1nica. Denominaci\u00f3n PHR A709 Normas t\u00e9cnicas &#8211; Propiedades Mec\u00e1nicas:\u00a0 seg\u00fan ASTM A709\u00a0 &#8211; 50 &#8211; Tolerancia Dimensional: ASTM A 6 \/A 6M Presentaci\u00f3n Pueden suministrarse sueltas como enzunchadas. Las bobinas se suministran completas. Uso Puentes, vigas soldadas, [&hellip;]<\/p>\n","protected":false},"featured_media":399,"comment_status":"open","ping_status":"closed","template":"","meta":[],"product_cat":[24],"product_tag":[],"class_list":["post-398","product","type-product","status-publish","has-post-thumbnail","hentry","product_cat-planchas-y-bobinas"],"_links":{"self":[{"href":"https:\/\/businessmax.com.pe\/index.php\/wp-json\/wp\/v2\/product\/398","targetHints":{"allow":["GET"]}}],"collection":[{"href":"https:\/\/businessmax.com.pe\/index.php\/wp-json\/wp\/v2\/product"}],"about":[{"href":"https:\/\/businessmax.com.pe\/index.php\/wp-json\/wp\/v2\/types\/product"}],"replies":[{"embeddable":true,"href":"https:\/\/businessmax.com.pe\/index.php\/wp-json\/wp\/v2\/comments?post=398"}],"wp:featuredmedia":[{"embeddable":true,"href":"https:\/\/businessmax.com.pe\/index.php\/wp-json\/wp\/v2\/media\/399"}],"wp:attachment":[{"href":"https:\/\/businessmax.com.pe\/index.php\/wp-json\/wp\/v2\/media?parent=398"}],"wp:term":[{"taxonomy":"product_cat","embeddable":true,"href":"https:\/\/businessmax.com.pe\/index.php\/wp-json\/wp\/v2\/product_cat?post=398"},{"taxonomy":"product_tag","embeddable":true,"href":"https:\/\/businessmax.com.pe\/index.php\/wp-json\/wp\/v2\/product_tag?post=398"}],"curies":[{"name":"wp","href":"https:\/\/api.w.org\/{rel}","templated":true}]}}