{"id":396,"date":"2023-01-04T09:27:25","date_gmt":"2023-01-04T09:27:25","guid":{"rendered":"https:\/\/businessmax.com.pe\/?post_type=product&#038;p=396"},"modified":"2023-01-16T06:39:11","modified_gmt":"2023-01-16T06:39:11","slug":"planchas-navales","status":"publish","type":"product","link":"https:\/\/businessmax.com.pe\/index.php\/producto\/planchas-navales\/","title":{"rendered":"Planchas Navales"},"content":{"rendered":"<p><b>Descripci\u00f3n<\/b><\/p>\n<p>Plancha de acero al carbono laminada en caliente obtenido a partir de acero estructural naval.<\/p>\n<p><b>Denominaci\u00f3n<\/b><\/p>\n<p><span id=\"producto-denominacion\">PNAV A131<\/span><\/p>\n<p><b>Normas t\u00e9cnicas<\/b><\/p>\n<p>&#8211;\u00a0 Propiedades Mec\u00e1nicas: ASTM A131 con certificaci\u00f3n equivalente LRS, BV o ABS<\/p>\n<p>&#8211; Tolerancia Dimensional: ASTM A 6 \/A 6M<\/p>\n<p><b>Presentaci\u00f3n<\/b><\/p>\n<p>Pueden suministrarse sueltas como enzunchadas.<\/p>\n<p>Las bobinas se suministran completas.<\/p>\n<p><b>Uso<\/b><\/p>\n<p>Construcci\u00f3n de embarcaciones pesqueras, chatas, pangas, boyas, tanques, tolvas, reparaci\u00f3n y mantenimiento, etc.<\/p>\n","protected":false},"excerpt":{"rendered":"<p>Descripci\u00f3n Plancha de acero al carbono laminada en caliente obtenido a partir de acero estructural naval. Denominaci\u00f3n PNAV A131 Normas t\u00e9cnicas &#8211;\u00a0 Propiedades Mec\u00e1nicas: ASTM A131 con certificaci\u00f3n equivalente LRS, BV o ABS &#8211; Tolerancia Dimensional: ASTM A 6 \/A 6M Presentaci\u00f3n Pueden suministrarse sueltas como enzunchadas. Las bobinas se suministran completas. Uso Construcci\u00f3n de [&hellip;]<\/p>\n","protected":false},"featured_media":397,"comment_status":"open","ping_status":"closed","template":"","meta":[],"product_cat":[24],"product_tag":[],"class_list":["post-396","product","type-product","status-publish","has-post-thumbnail","hentry","product_cat-planchas-y-bobinas"],"_links":{"self":[{"href":"https:\/\/businessmax.com.pe\/index.php\/wp-json\/wp\/v2\/product\/396","targetHints":{"allow":["GET"]}}],"collection":[{"href":"https:\/\/businessmax.com.pe\/index.php\/wp-json\/wp\/v2\/product"}],"about":[{"href":"https:\/\/businessmax.com.pe\/index.php\/wp-json\/wp\/v2\/types\/product"}],"replies":[{"embeddable":true,"href":"https:\/\/businessmax.com.pe\/index.php\/wp-json\/wp\/v2\/comments?post=396"}],"wp:featuredmedia":[{"embeddable":true,"href":"https:\/\/businessmax.com.pe\/index.php\/wp-json\/wp\/v2\/media\/397"}],"wp:attachment":[{"href":"https:\/\/businessmax.com.pe\/index.php\/wp-json\/wp\/v2\/media?parent=396"}],"wp:term":[{"taxonomy":"product_cat","embeddable":true,"href":"https:\/\/businessmax.com.pe\/index.php\/wp-json\/wp\/v2\/product_cat?post=396"},{"taxonomy":"product_tag","embeddable":true,"href":"https:\/\/businessmax.com.pe\/index.php\/wp-json\/wp\/v2\/product_tag?post=396"}],"curies":[{"name":"wp","href":"https:\/\/api.w.org\/{rel}","templated":true}]}}