{"id":394,"date":"2023-01-04T09:27:00","date_gmt":"2023-01-04T09:27:00","guid":{"rendered":"https:\/\/businessmax.com.pe\/?post_type=product&#038;p=394"},"modified":"2023-01-16T06:38:55","modified_gmt":"2023-01-16T06:38:55","slug":"perform-x-planchas-de-alta-resistencia-700-mc","status":"publish","type":"product","link":"https:\/\/businessmax.com.pe\/index.php\/producto\/perform-x-planchas-de-alta-resistencia-700-mc\/","title":{"rendered":"PERFORM x Planchas de Alta Resistencia 700 MC"},"content":{"rendered":"<p><b>Descripci\u00f3n<\/b><\/p>\n<p>Plancha de acero estructural microaleado de altas propiedades mec\u00e1nicas.<\/p>\n<p><b>Denominaci\u00f3n<\/b><\/p>\n<p><span id=\"producto-denominacion\">PERFORM x Planchas de Alta Resistencia 700 MC<\/span><\/p>\n<p><b>Normas t\u00e9cnicas<\/b><\/p>\n<p>UNE-EN 10029:2011<br \/>\nHot-rolled steel plates 3 mm thick or above &#8211; Tolerances on dimensions<br \/>\nand shape.<\/p>\n<p><b>Presentaci\u00f3n<\/b><\/p>\n<p>Pueden suministrarse sueltas como enzunchadas con forro.<br \/>\nPeso de Planchas en paquetes de 3.0 t.<\/p>\n<p><b>Uso<\/b><\/p>\n<p>Gr\u00faas telesc\u00f3picas, plataformas a\u00e9reas, bombas de hormig\u00f3n,<br \/>\nvolquetes, manipuladores, etc.<\/p>\n","protected":false},"excerpt":{"rendered":"<p>Descripci\u00f3n Plancha de acero estructural microaleado de altas propiedades mec\u00e1nicas. Denominaci\u00f3n PERFORM x Planchas de Alta Resistencia 700 MC Normas t\u00e9cnicas UNE-EN 10029:2011 Hot-rolled steel plates 3 mm thick or above &#8211; Tolerances on dimensions and shape. Presentaci\u00f3n Pueden suministrarse sueltas como enzunchadas con forro. Peso de Planchas en paquetes de 3.0 t. Uso Gr\u00faas [&hellip;]<\/p>\n","protected":false},"featured_media":395,"comment_status":"open","ping_status":"closed","template":"","meta":[],"product_cat":[24],"product_tag":[],"class_list":["post-394","product","type-product","status-publish","has-post-thumbnail","hentry","product_cat-planchas-y-bobinas"],"_links":{"self":[{"href":"https:\/\/businessmax.com.pe\/index.php\/wp-json\/wp\/v2\/product\/394","targetHints":{"allow":["GET"]}}],"collection":[{"href":"https:\/\/businessmax.com.pe\/index.php\/wp-json\/wp\/v2\/product"}],"about":[{"href":"https:\/\/businessmax.com.pe\/index.php\/wp-json\/wp\/v2\/types\/product"}],"replies":[{"embeddable":true,"href":"https:\/\/businessmax.com.pe\/index.php\/wp-json\/wp\/v2\/comments?post=394"}],"wp:featuredmedia":[{"embeddable":true,"href":"https:\/\/businessmax.com.pe\/index.php\/wp-json\/wp\/v2\/media\/395"}],"wp:attachment":[{"href":"https:\/\/businessmax.com.pe\/index.php\/wp-json\/wp\/v2\/media?parent=394"}],"wp:term":[{"taxonomy":"product_cat","embeddable":true,"href":"https:\/\/businessmax.com.pe\/index.php\/wp-json\/wp\/v2\/product_cat?post=394"},{"taxonomy":"product_tag","embeddable":true,"href":"https:\/\/businessmax.com.pe\/index.php\/wp-json\/wp\/v2\/product_tag?post=394"}],"curies":[{"name":"wp","href":"https:\/\/api.w.org\/{rel}","templated":true}]}}