{"id":390,"date":"2023-01-04T09:25:43","date_gmt":"2023-01-04T09:25:43","guid":{"rendered":"https:\/\/businessmax.com.pe\/?post_type=product&#038;p=390"},"modified":"2023-01-16T06:38:14","modified_gmt":"2023-01-16T06:38:14","slug":"naxtra-x-planchas-de-alta-resistencia-700-ql","status":"publish","type":"product","link":"https:\/\/businessmax.com.pe\/index.php\/producto\/naxtra-x-planchas-de-alta-resistencia-700-ql\/","title":{"rendered":"NAXTRA x Planchas de Alta Resistencia 700 QL"},"content":{"rendered":"<p><b>Descripci\u00f3n<\/b><\/p>\n<p>Plancha de acero estructural de micro aleaci\u00f3n con altas propiedades mec\u00e1nicas.<\/p>\n<p><b>Denominaci\u00f3n<\/b><\/p>\n<p><span id=\"producto-denominacion\">NAXTRA x Planchas de Alta Resistencia 700 QL<\/span><\/p>\n<p><b>Normas t\u00e9cnicas<\/b><\/p>\n<p>UNE-EN 10025-6<br \/>\nHot-rolled steel plates 3 mm thick or above &#8211; Tolerances on dimensions<br \/>\nand shape.<\/p>\n<p><b>Presentaci\u00f3n<\/b><\/p>\n<p>Pueden suministrarse sueltas como enzunchadas con forro.<\/p>\n<p><b>Uso<\/b><\/p>\n<p>En construcciones soldadas de todo tipo, como recipientes a presi\u00f3n, compuertas, puentes y estructuras, as\u00ed como veh\u00edculos de transporte, gr\u00faas m\u00f3viles, equipos de miner\u00eda, montacargas y equipos de movimiento de tierras, que se utilizan en diferentes tipos de condiciones clim\u00e1ticas.<\/p>\n","protected":false},"excerpt":{"rendered":"<p>Descripci\u00f3n Plancha de acero estructural de micro aleaci\u00f3n con altas propiedades mec\u00e1nicas. Denominaci\u00f3n NAXTRA x Planchas de Alta Resistencia 700 QL Normas t\u00e9cnicas UNE-EN 10025-6 Hot-rolled steel plates 3 mm thick or above &#8211; Tolerances on dimensions and shape. Presentaci\u00f3n Pueden suministrarse sueltas como enzunchadas con forro. Uso En construcciones soldadas de todo tipo, como [&hellip;]<\/p>\n","protected":false},"featured_media":391,"comment_status":"open","ping_status":"closed","template":"","meta":[],"product_cat":[24],"product_tag":[],"class_list":["post-390","product","type-product","status-publish","has-post-thumbnail","hentry","product_cat-planchas-y-bobinas"],"_links":{"self":[{"href":"https:\/\/businessmax.com.pe\/index.php\/wp-json\/wp\/v2\/product\/390","targetHints":{"allow":["GET"]}}],"collection":[{"href":"https:\/\/businessmax.com.pe\/index.php\/wp-json\/wp\/v2\/product"}],"about":[{"href":"https:\/\/businessmax.com.pe\/index.php\/wp-json\/wp\/v2\/types\/product"}],"replies":[{"embeddable":true,"href":"https:\/\/businessmax.com.pe\/index.php\/wp-json\/wp\/v2\/comments?post=390"}],"wp:featuredmedia":[{"embeddable":true,"href":"https:\/\/businessmax.com.pe\/index.php\/wp-json\/wp\/v2\/media\/391"}],"wp:attachment":[{"href":"https:\/\/businessmax.com.pe\/index.php\/wp-json\/wp\/v2\/media?parent=390"}],"wp:term":[{"taxonomy":"product_cat","embeddable":true,"href":"https:\/\/businessmax.com.pe\/index.php\/wp-json\/wp\/v2\/product_cat?post=390"},{"taxonomy":"product_tag","embeddable":true,"href":"https:\/\/businessmax.com.pe\/index.php\/wp-json\/wp\/v2\/product_tag?post=390"}],"curies":[{"name":"wp","href":"https:\/\/api.w.org\/{rel}","templated":true}]}}